{"id":1497,"date":"2018-12-12T21:50:52","date_gmt":"2018-12-13T00:50:52","guid":{"rendered":"https:\/\/isp10-sfe.infd.edu.ar\/sitio\/?page_id=1497"},"modified":"2025-09-17T14:38:29","modified_gmt":"2025-09-17T17:38:29","slug":"carreras","status":"publish","type":"page","link":"https:\/\/isp10-sfe.infd.edu.ar\/sitio\/carreras\/","title":{"rendered":"La Oferta Acad\u00e9mica"},"content":{"rendered":"\n<blockquote class=\"wp-block-quote\">\n<p class=\"has-text-align-center\">Para todos los interesados en cursar alguna de las carreras que ofrece el Instituto Superior de Profesorado N\u00ba 10; que desean formarse en el \u00e1mbito educativo y t\u00e9cnico. Todas nuestras propuestas son de cursado presencial.<\/p>\n<\/blockquote>\n\n\n\n<div class=\"wp-block-buttons is-layout-flex wp-container-1\">\n<div class=\"wp-block-button has-custom-width wp-block-button__width-50 has-custom-font-size alignleft is-style-fill has-medium-font-size\"><a class=\"wp-block-button__link has-base-color has-text-color has-background wp-element-button\" style=\"border-radius:100px;background:radial-gradient(rgb(6,147,227) 49%,rgb(155,81,224) 100%)\">Profesorados<\/a><\/div>\n<\/div>\n\n\n\n<div class=\"wp-block-columns is-layout-flex wp-container-4\">\n<div class=\"wp-block-column is-vertically-aligned-center has-medium-font-size is-layout-flow\" style=\"flex-basis:100%\">\n<blockquote class=\"wp-block-quote\">\n<p class=\"has-accent-color has-text-color has-medium-font-size\"><em><a rel=\"noreferrer noopener\" href=\"https:\/\/isp10-sfe.infd.edu.ar\/sitio\/profesorado-de-biologia\/\" target=\"_blank\"><strong>PROFESORADO DE EDUCACI\u00d3N SECUNDARIA EN BIOLOG\u00cdA<\/strong><\/a><\/em><\/p>\n<\/blockquote>\n\n\n\n<blockquote class=\"wp-block-quote\">\n<p class=\"has-medium-font-size\"><a rel=\"noreferrer noopener\" href=\"https:\/\/isp10-sfe.infd.edu.ar\/sitio\/profesorado-de-primaria\/\" target=\"_blank\"><strong>PROFESORADO DE EDUCACI\u00d3N PRIMARIA<\/strong><\/a><\/p>\n<\/blockquote>\n\n\n\n<div class=\"wp-block-buttons is-layout-flex wp-container-2\">\n<div class=\"wp-block-button has-custom-width wp-block-button__width-50 alignleft is-style-fill\"><a class=\"wp-block-button__link has-base-2-color has-text-color has-background wp-element-button\" style=\"background:linear-gradient(135deg,rgb(6,147,227) 59%,rgb(155,81,224) 100%)\">Tecnicaturas<\/a><\/div>\n<\/div>\n<\/div>\n<\/div>\n\n\n\n<blockquote class=\"wp-block-quote\">\n<p class=\"has-medium-font-size\"><strong><a href=\"https:\/\/isp10-sfe.infd.edu.ar\/sitio\/agro\/\" target=\"_blank\" rel=\"noreferrer noopener\">TECNICATURA SUPERIOR EN AGRONEGOCIOS<\/a><\/strong><\/p>\n<\/blockquote>\n\n\n\n<blockquote class=\"wp-block-quote\">\n<p class=\"has-medium-font-size\"><a rel=\"noreferrer noopener\" href=\"https:\/\/isp10-sfe.infd.edu.ar\/sitio\/turismo\/\" target=\"_blank\"><strong>TECNICATURA SUPERIOR EN TURISMO<\/strong><\/a><\/p>\n<\/blockquote>\n\n\n\n<blockquote class=\"wp-block-quote\">\n<p class=\"has-medium-font-size\"><strong><a href=\"https:\/\/isp10-sfe.infd.edu.ar\/sitio\/hoteleria-2\/\" target=\"_blank\" rel=\"noreferrer noopener\">T\u00c9CNICATURA&nbsp; SUPERIOR EN HOTELER\u00cdA<\/a><\/strong><\/p>\n<\/blockquote>\n\n\n\n<blockquote class=\"wp-block-quote\">\n<p class=\"has-medium-font-size\"><strong><a href=\"https:\/\/isp10-sfe.infd.edu.ar\/sitio\/gastronomia-2\/\" target=\"_blank\" rel=\"noreferrer noopener\">T\u00c9CNICATURA&nbsp; SUPERIOR EN GESTI\u00d3N GASTRON\u00d3MICA<\/a><\/strong><\/p>\n<\/blockquote>\n\n\n<div class=\"wp-block-image is-style-rounded\">\n<figure class=\"aligncenter is-resized\"><img decoding=\"async\" loading=\"lazy\" src=\"https:\/\/isp10-sfe.infd.edu.ar\/sitio\/wp-content\/uploads\/2020\/09\/ISP10-INSCRIBIESE-1000x210.png\" alt=\"\" class=\"wp-image-1984\" width=\"551\" height=\"116\" srcset=\"https:\/\/isp10-sfe.infd.edu.ar\/sitio\/wp-content\/uploads\/2020\/09\/ISP10-INSCRIBIESE-1000x210.png 1000w, https:\/\/isp10-sfe.infd.edu.ar\/sitio\/wp-content\/uploads\/2020\/09\/ISP10-INSCRIBIESE-768x161.png 768w, https:\/\/isp10-sfe.infd.edu.ar\/sitio\/wp-content\/uploads\/2020\/09\/ISP10-INSCRIBIESE-1900x398.png 1900w\" sizes=\"(max-width: 551px) 100vw, 551px\" \/><\/figure><\/div>\n\n\n<h4 class=\"wp-block-heading\"> <\/h4>\n\n\n\n<p>1. Completar el formulario online de Inscripci\u00f3n con los datos personales hacer <a href=\"https:\/\/drive.proton.me\/urls\/67AR55DR1C#9fkvohOGjrEg\" target=\"_blank\" rel=\"noreferrer noopener\">clic ac\u00e1<\/a><\/p>\n\n\n\n<p>2. Presentar presencialmente la siguiente documentaci\u00f3n:<\/p>\n\n\n\n<ul>\n<li>Solicitud de inscripci\u00f3n completa por duplicado impresa (es la que se descargar en el punto 1)<\/li>\n\n\n\n<li>Fotocopia DNI de ambos lados<\/li>\n\n\n\n<li>Partida de nacimiento actualizada (original).<\/li>\n\n\n\n<li>Fotocopia autenticada de Certificado de T\u00edtulo Secundario o Certificado de T\u00edtulo en tr\u00e1mite del Nivel Secundario. En caso de no haber finalizado el Nivel Secundario y adeudar materias, presentar constancia de alumno regular y de las materias adeudadas.<\/li>\n\n\n\n<li>Declaraci\u00f3n Jurada de domicilio (si el domicilio no coincide con el DNI).<\/li>\n\n\n\n<li>Certificado m\u00e9dico emitido por centro de salud p\u00fablico (Hospital o Centro de Salud) o m\u00e9dico particular estampillado (con dos estampillas).<\/li>\n\n\n\n<li>Pago de matr\u00edcula anual.<\/li>\n<\/ul>\n\n\n\n<p>               <em><strong>Para realizar la inscripci\u00f3n y acercar la documentaci\u00f3n a la secretaria,&nbsp;desde el &nbsp;1 de noviembre al 20 de diciembre.<\/strong><\/em><\/p>\n\n\n\n<blockquote class=\"wp-block-quote has-text-align-center\">\n<p class=\"has-text-align-left\">Horario de atenci\u00f3n de secretaria<\/p>\n\n\n\n<figure class=\"wp-block-table\"><table><tbody><tr><td>Sede Helvecia<\/td><td>Sede Santa Rosa<\/td><td>Sede Santa Fe<\/td><\/tr><tr><td>     <em>15h a 18h<\/em><\/td><td>      <em>14h a 17h<\/em><\/td><td>    <em>18:30h  a 20h<\/em><br>    Primer piso<\/td><\/tr><\/tbody><\/table><figcaption class=\"wp-element-caption\">Para recibir m\u00e1s informaci\u00f3n <\/figcaption><\/figure>\n<\/blockquote>\n\n\n\n<iframe loading=\"lazy\" width=\"640px\" height=\"480px\" src=\"https:\/\/forms.office.com\/Pages\/ResponsePage.aspx?id=A2gzKJSgt0Sddj4owcr-Sqr93DPLfU9Lpo3CkMFvIl5UQjhJWTNJR0E4WFExODJBTlIwUVJISExXOS4u&#038;embed=true\" frameborder=\"0\" marginwidth=\"0\" marginheight=\"0\" style=\"border: none; max-width:100%; max-height:100vh\" allowfullscreen webkitallowfullscreen mozallowfullscreen msallowfullscreen> <\/iframe>\n\n\n\n<!--Start of Tawk.to Script-->\n<script type=\"text\/javascript\">\nvar Tawk_API=Tawk_API||{}, Tawk_LoadStart=new Date();\n(function(){\nvar s1=document.createElement(\"script\"),s0=document.getElementsByTagName(\"script\")[0];\ns1.async=true;\ns1.src='https:\/\/embed.tawk.to\/61c2356ac82c976b71c28dc8\/1fnfegq6q';\ns1.charset='UTF-8';\ns1.setAttribute('crossorigin','*');\ns0.parentNode.insertBefore(s1,s0);\n})();\n<\/script>\n<!--End of Tawk.to Script-->\n","protected":false},"excerpt":{"rendered":"<p>Para todos los interesados en cursar alguna de las carreras que ofrece el Instituto Superior de Profesorado N\u00ba 10; que desean formarse en el \u00e1mbito educativo y t\u00e9cnico. Todas nuestras propuestas son de cursado presencial. PROFESORADO DE EDUCACI\u00d3N SECUNDARIA EN BIOLOG\u00cdA PROFESORADO DE EDUCACI\u00d3N PRIMARIA TECNICATURA SUPERIOR EN AGRONEGOCIOS TECNICATURA SUPERIOR EN TURISMO T\u00c9CNICATURA&nbsp; SUPERIOR &#8230; <a title=\"La Oferta Acad\u00e9mica\" class=\"read-more\" href=\"https:\/\/isp10-sfe.infd.edu.ar\/sitio\/carreras\/\" aria-label=\"More on La Oferta Acad\u00e9mica\">[+]<\/a><\/p>\n","protected":false},"author":193,"featured_media":0,"parent":0,"menu_order":0,"comment_status":"closed","ping_status":"open","template":"","meta":[],"acf":[],"_links":{"self":[{"href":"https:\/\/isp10-sfe.infd.edu.ar\/sitio\/wp-json\/wp\/v2\/pages\/1497"}],"collection":[{"href":"https:\/\/isp10-sfe.infd.edu.ar\/sitio\/wp-json\/wp\/v2\/pages"}],"about":[{"href":"https:\/\/isp10-sfe.infd.edu.ar\/sitio\/wp-json\/wp\/v2\/types\/page"}],"author":[{"embeddable":true,"href":"https:\/\/isp10-sfe.infd.edu.ar\/sitio\/wp-json\/wp\/v2\/users\/193"}],"replies":[{"embeddable":true,"href":"https:\/\/isp10-sfe.infd.edu.ar\/sitio\/wp-json\/wp\/v2\/comments?post=1497"}],"version-history":[{"count":218,"href":"https:\/\/isp10-sfe.infd.edu.ar\/sitio\/wp-json\/wp\/v2\/pages\/1497\/revisions"}],"predecessor-version":[{"id":4637,"href":"https:\/\/isp10-sfe.infd.edu.ar\/sitio\/wp-json\/wp\/v2\/pages\/1497\/revisions\/4637"}],"wp:attachment":[{"href":"https:\/\/isp10-sfe.infd.edu.ar\/sitio\/wp-json\/wp\/v2\/media?parent=1497"}],"curies":[{"name":"wp","href":"https:\/\/api.w.org\/{rel}","templated":true}]}}