{"id":1618,"date":"2019-08-04T23:07:37","date_gmt":"2019-08-05T02:07:37","guid":{"rendered":"https:\/\/isp10-sfe.infd.edu.ar\/sitio\/?page_id=1618"},"modified":"2025-09-02T17:53:10","modified_gmt":"2025-09-02T20:53:10","slug":"turismo","status":"publish","type":"page","link":"https:\/\/isp10-sfe.infd.edu.ar\/sitio\/turismo\/","title":{"rendered":"TURISMO"},"content":{"rendered":"\n<figure class=\"wp-block-embed aligncenter is-type-video is-provider-youtube wp-block-embed-youtube wp-embed-aspect-16-9 wp-has-aspect-ratio\"><div class=\"wp-block-embed__wrapper\">\n<iframe loading=\"lazy\" title=\"isp10 turismo 2024\" width=\"1200\" height=\"675\" src=\"https:\/\/www.youtube.com\/embed\/tWLX61yrUr0?feature=oembed\" frameborder=\"0\" allow=\"accelerometer; autoplay; clipboard-write; encrypted-media; gyroscope; picture-in-picture; web-share\" referrerpolicy=\"strict-origin-when-cross-origin\" allowfullscreen><\/iframe>\n<\/div><figcaption class=\"wp-element-caption\">Video institucional de la carrera<\/figcaption><\/figure>\n\n\n<div>\n<h6><span style=\"color: #ff6600;\"><span style=\"color: #000080;\">T\u00c9CNICATURA\u00a0 SUPERIOR EN TURISMO<\/span><\/span><\/h6>\n<div class=\"_2cuy _3dgx _2vxa\">\n<p><span class=\"_4yxo\">Duraci\u00f3n:<\/span>\u00a03 a\u00f1os<\/p>\n<\/div>\n<div class=\"_2cuy _3dgx _2vxa\"><span class=\"_4yxo\">Decreto 1155\/07<\/span>\u00a0<\/div>\n<div>\u00a0<\/div>\n<p><strong>PRIMER A\u00d1O<\/strong><\/p>\n<ul>\n<li style=\"text-align: left;\">Introducci\u00f3n al Turismo y Turismo Social<\/li>\n<li style=\"text-align: left;\">Geograf\u00eda Tur\u00edstica y Patrimonio hist\u00f3rico Regional<\/li>\n<li style=\"text-align: left;\">Ingl\u00e9s T\u00e9cnico I<\/li>\n<li style=\"text-align: left;\">Franc\u00e9s T\u00e9cnico I<\/li>\n<li style=\"text-align: left;\">NTICS y Lenguajes en la comunicaci\u00f3n.<\/li>\n<li style=\"text-align: left;\">Organizaci\u00f3n y Gesti\u00f3n de Empresas<\/li>\n<li style=\"text-align: left;\">Ecolog\u00eda I<\/li>\n<li style=\"text-align: left;\">Pr\u00e1ctica I: Comunicaci\u00f3n de la Informaci\u00f3n y programaci\u00f3n de Circuitos Regionales<\/li>\n<\/ul>\n<p><strong>SEGUNDO A\u00d1O\u00a0\u00a0<\/strong><\/p>\n<ul>\n<li>Geograf\u00eda Argentina y Patrimonio Tur\u00edstico Nacional<\/li>\n<li>Ingl\u00e9s T\u00e9cnico II<\/li>\n<li>Franc\u00e9s T\u00e9cnico II<\/li>\n<li>Ecolog\u00eda II<\/li>\n<li>Estado y Sociedad<\/li>\n<li>Gesti\u00f3n de Empresas Tur\u00edsticas, Legislaci\u00f3n y Marketing<\/li>\n<li>Agencias de Viajes y Organizaci\u00f3n de Congresos y Eventos<\/li>\n<li>Pr\u00e1ctica II: Programaci\u00f3n de Circuitos Nacionales<\/li>\n<\/ul>\n<p><strong>TERCER A\u00d1O<\/strong><\/p>\n<ul>\n<li>Estad\u00edstica aplicada<\/li>\n<li>Geograf\u00eda, Patrimonio Tur\u00edstico Universal y Programaci\u00f3n de Circuitos Internacionales<\/li>\n<li>Ecolog\u00eda III<\/li>\n<li>Hoteler\u00eda<\/li>\n<li>\u00c9tica Profesional<\/li>\n<li>Pr\u00e1ctica Profesional Dirigida<\/li>\n<li>Problem\u00e1tica Sociocultural y Mundo del Trabajo (1\u00ba cuatrimestre)<\/li>\n<li>Sociolog\u00eda del Turismo (2\u00ba cuatrimestre)<\/li>\n<li>Seminario de Integraci\u00f3n (Elaboraci\u00f3n de la tesina)<\/li>\n<\/ul>\n<hr \/>\n<h4><span style=\"color: #000080;\"><strong>Extensi\u00f3n \u00e1ulica<\/strong><\/span><\/h4>\n<p style=\"padding-left: 60px;\"><span style=\"color: #000080;\"><strong>Se cursa la carrera en la sede\u00a0 Santa Fe<\/strong><\/span><\/p>\n<h4>Para solicitar informaci\u00f3n<\/h4>\n<table style=\"height: 216px;\" width=\"1015\">\n<tbody>\n<tr>\n<td style=\"text-align: center;\" width=\"178\"><strong>Horarios de atenci\u00f3n<\/strong><\/td>\n<td width=\"241\">18h30 a 20.00 h.<\/td>\n<\/tr>\n<tr>\n<td><img decoding=\"async\" loading=\"lazy\" class=\"wp-image-2063 aligncenter\" src=\"https:\/\/isp10-sfe.infd.edu.ar\/sitio\/wp-content\/uploads\/2020\/09\/geolocalizacion.jpg\" alt=\"\" width=\"75\" height=\"42\" \/><\/td>\n<td>Avenida General Paz\u00a0 N\u00ba 5356<\/td>\n<\/tr>\n<tr>\n<td>\u00a0<\/td>\n<td>\u00a0<\/td>\n<\/tr>\n<tr>\n<td><img decoding=\"async\" loading=\"lazy\" class=\"wp-image-2060 aligncenter\" src=\"https:\/\/isp10-sfe.infd.edu.ar\/sitio\/wp-content\/uploads\/2020\/09\/correo.jpg\" alt=\"\" width=\"62\" height=\"54\" \/><\/td>\n<td><a href=\"mailto:inscripcionturismomateobooz@gmail.com\">inscripcionturismomateobooz@gmail.com<\/a><\/td>\n<\/tr>\n<\/tbody>\n<\/table>\n<p style=\"text-align: center;\">\u00a0<\/p>\n<\/div>\n<h4>\u00a0 \u00a0 \u00a0 <strong><span style=\"color: #000080;\">\u00a0 Sede Central <\/span><\/strong><\/h4>\n<div><strong><span style=\"color: #000080;\">\u00a0 \u00a0 \u00a0 \u00a0 \u00a0 \u00a0 \u00a0 Se cursa la carrera en la sede HELVECIA<\/span><\/strong><\/div>\n<div>\u00a0<\/div>\n<div>\u00a0<\/div>\n<h4>Para solicitar informaci\u00f3n<\/h4>\n<table width=\"419\">\n<tbody>\n<tr>\n<td style=\"text-align: center;\" width=\"178\">Horarios de atenci\u00f3n<\/td>\n<td width=\"241\">\u00a015h a 20h.<\/td>\n<\/tr>\n<tr>\n<td><img decoding=\"async\" loading=\"lazy\" class=\"wp-image-2063 aligncenter\" src=\"https:\/\/isp10-sfe.infd.edu.ar\/sitio\/wp-content\/uploads\/2020\/09\/geolocalizacion.jpg\" alt=\"\" width=\"88\" height=\"49\" \/><\/td>\n<td>Presidente Ra\u00fal Alfons\u00edn N\u00ba 1080<\/td>\n<\/tr>\n<tr>\n<td><img decoding=\"async\" loading=\"lazy\" class=\"wp-image-2062 aligncenter\" src=\"https:\/\/isp10-sfe.infd.edu.ar\/sitio\/wp-content\/uploads\/2020\/09\/telefono.png\" alt=\"\" width=\"66\" height=\"66\" \/><\/td>\n<td>\u00a003405-470611<\/td>\n<\/tr>\n<tr>\n<td><img decoding=\"async\" loading=\"lazy\" class=\"wp-image-2060 aligncenter\" src=\"https:\/\/isp10-sfe.infd.edu.ar\/sitio\/wp-content\/uploads\/2020\/09\/correo.jpg\" alt=\"\" width=\"54\" height=\"47\" \/><\/td>\n<td><a href=\"mailto:mateobooz@yahoo.com.ar\">\u00a0mateobooz@yahoo.com.ar<\/a><\/td>\n<\/tr>\n<\/tbody>\n<\/table>\n<hr \/>\n<p style=\"text-align: right;\"><a href=\"https:\/\/isp10-sfe.infd.edu.ar\/sitio\/correlatividades-de-t-s-turismo\/\">Las correlatividades de la carrera Tecnicatura Superior en Turismo<\/a><\/p>","protected":false},"excerpt":{"rendered":"<p>T\u00c9CNICATURA\u00a0 SUPERIOR EN TURISMO Duraci\u00f3n:\u00a03 a\u00f1os Decreto 1155\/07\u00a0 \u00a0 PRIMER A\u00d1O Introducci\u00f3n al Turismo y Turismo Social Geograf\u00eda Tur\u00edstica y Patrimonio hist\u00f3rico Regional Ingl\u00e9s T\u00e9cnico I Franc\u00e9s T\u00e9cnico I NTICS y Lenguajes en la comunicaci\u00f3n. Organizaci\u00f3n y Gesti\u00f3n de Empresas Ecolog\u00eda I Pr\u00e1ctica I: Comunicaci\u00f3n de la Informaci\u00f3n y programaci\u00f3n de Circuitos Regionales SEGUNDO A\u00d1O\u00a0\u00a0 &#8230; <a title=\"TURISMO\" class=\"read-more\" href=\"https:\/\/isp10-sfe.infd.edu.ar\/sitio\/turismo\/\" aria-label=\"More on TURISMO\">[+]<\/a><\/p>\n","protected":false},"author":193,"featured_media":3333,"parent":0,"menu_order":0,"comment_status":"closed","ping_status":"open","template":"","meta":[],"acf":[],"_links":{"self":[{"href":"https:\/\/isp10-sfe.infd.edu.ar\/sitio\/wp-json\/wp\/v2\/pages\/1618"}],"collection":[{"href":"https:\/\/isp10-sfe.infd.edu.ar\/sitio\/wp-json\/wp\/v2\/pages"}],"about":[{"href":"https:\/\/isp10-sfe.infd.edu.ar\/sitio\/wp-json\/wp\/v2\/types\/page"}],"author":[{"embeddable":true,"href":"https:\/\/isp10-sfe.infd.edu.ar\/sitio\/wp-json\/wp\/v2\/users\/193"}],"replies":[{"embeddable":true,"href":"https:\/\/isp10-sfe.infd.edu.ar\/sitio\/wp-json\/wp\/v2\/comments?post=1618"}],"version-history":[{"count":106,"href":"https:\/\/isp10-sfe.infd.edu.ar\/sitio\/wp-json\/wp\/v2\/pages\/1618\/revisions"}],"predecessor-version":[{"id":4635,"href":"https:\/\/isp10-sfe.infd.edu.ar\/sitio\/wp-json\/wp\/v2\/pages\/1618\/revisions\/4635"}],"wp:featuredmedia":[{"embeddable":true,"href":"https:\/\/isp10-sfe.infd.edu.ar\/sitio\/wp-json\/wp\/v2\/media\/3333"}],"wp:attachment":[{"href":"https:\/\/isp10-sfe.infd.edu.ar\/sitio\/wp-json\/wp\/v2\/media?parent=1618"}],"curies":[{"name":"wp","href":"https:\/\/api.w.org\/{rel}","templated":true}]}}