{"id":1639,"date":"2019-08-04T23:16:50","date_gmt":"2019-08-05T02:16:50","guid":{"rendered":"https:\/\/isp10-sfe.infd.edu.ar\/sitio\/?page_id=1639"},"modified":"2024-11-03T19:19:00","modified_gmt":"2024-11-03T22:19:00","slug":"profesorado-de-primaria","status":"publish","type":"page","link":"https:\/\/isp10-sfe.infd.edu.ar\/sitio\/profesorado-de-primaria\/","title":{"rendered":"PROFESORADO DE PRIMARIA"},"content":{"rendered":"\n<figure class=\"wp-block-embed is-type-video is-provider-youtube wp-block-embed-youtube wp-embed-aspect-16-9 wp-has-aspect-ratio\"><div class=\"wp-block-embed__wrapper\">\n<iframe loading=\"lazy\" title=\"isp10 primaria 2024\" width=\"1200\" height=\"675\" src=\"https:\/\/www.youtube.com\/embed\/il3ae6JHnwU?feature=oembed\" frameborder=\"0\" allow=\"accelerometer; autoplay; clipboard-write; encrypted-media; gyroscope; picture-in-picture; web-share\" referrerpolicy=\"strict-origin-when-cross-origin\" allowfullscreen><\/iframe>\n<\/div><figcaption class=\"wp-element-caption\">Video institucional de la carrera<\/figcaption><\/figure>\n\n\n<p><span style=\"color: #333399;\"><strong>PROFESORADO DE EDUCACI\u00d3N PRIMARIA<\/strong><\/span><\/p>\n<p>Duraci\u00f3n: 4 A\u00f1os.<\/p>\n<p>PLAN: 528\/09<\/p>\n<p>Los objetivos de el Profesorado de Educaci\u00f3n Primaria hacen referencia a las intenciones con que se proyectan diversas acciones para la formaci\u00f3n de los estudiantes.<br>Hablar de prop\u00f3sitos implica superar el enfoque \u201cobjetivista\u201d, pero tambi\u00e9n especificar las intenciones asumidas y socializadas. &nbsp;Es de esta intencionalidad de la formaci\u00f3n de docentes, que se nos espera propiciar el \u201cAprender a Aprender\u201d y el \u201cArte de Vivir Juntos\u201d.<br>Donde el \u201cAprender a Aprender\u201d supone formar un docente que:<\/p>\n<ul>\n<li>Se apasione con la tarea de ense\u00f1ar y suscite el deseo de aprender.<\/li>\n<li>Ense\u00f1e a componer y fragmentar, a investigar y experimentar los dispositivos con que se producen las operaciones creativas del lenguaje, proporcionando al alumno la b\u00fasqueda de saberes y su recreaci\u00f3n m\u00e1s que la mera \u201cposesi\u00f3n\u201d de los mismos.<\/li>\n<li>Explore y se pregunte, pueda resolver problemas y no escinda los lenguajes art\u00edsticos de los cient\u00edficos.<\/li>\n<li>No abandone el camino por el absurdo, ni quiera explicarlo todo rechazando el misterio. Que cree una ciencia especulativa y de acci\u00f3n, no alejada de su cruce con la imaginaci\u00f3n po\u00e9tica.<\/li>\n<li>Asuma una pr\u00e1ctica pol\u00edtica \u201cdonde la escuela no tenga un adentro y un afuera\u201d<\/li>\n<li>Entienda la profunda ra\u00edz pol\u00edtica de sus actos, con una comprensi\u00f3n clara de que su hacer (sus pr\u00e1cticas, su organizaci\u00f3n, sus dichos y actitudes), constituyen \u201cmatrices de pensamiento\u201d,\u201dformar\u201d en sus alumnas\/os un sentido \u00e9tico y est\u00e9tico.<\/li>\n<\/ul>\n<p>Plan de estudio de la carrera<\/p>\n<p>Primer a\u00f1o<\/p>\n<ul>\n<li>Psicolog\u00eda y Educaci\u00f3n<\/li>\n<li>Pedagog\u00eda<\/li>\n<li>Sociolog\u00eda de la Educaci\u00f3n<\/li>\n<li>Historia Argentina y Latinoamericana<\/li>\n<li>Movimiento y Cuerpo I<\/li>\n<li>Trayecto de Pr\u00e1ctica: Taller de Pr\u00e1ctica I<\/li>\n<li>Comunicaci\u00f3n y Expresi\u00f3n Oral y Escrita<\/li>\n<li>Resoluci\u00f3n de Problemas y Creatividad<\/li>\n<li>Ciencias Naturales Para la Cultura Ciudadana<\/li>\n<li>Problem\u00e1ticas de las Ciencias Sociales<\/li>\n<li>\u00c1rea Est\u00e9tico Expresiva I<\/li>\n<li>Problem\u00e1tica Contempor\u00e1neas de la Educaci\u00f3n Primaria I<\/li>\n<\/ul>\n<p>Segundo a\u00f1o<\/p>\n<ul>\n<li>Did\u00e1ctica Gral<\/li>\n<li>Filosof\u00eda de la Educaci\u00f3n<\/li>\n<li>Conocimiento y Educaci\u00f3n<\/li>\n<li>Movimiento y Cuerpo II<\/li>\n<li>Trayecto de Pr\u00e1ctica: Taller de Pr\u00e1ctica II<\/li>\n<li>Matem\u00e1tica y su Did\u00e1ctica I<\/li>\n<li>Ciencias Naturales y su Did\u00e1ctica I<\/li>\n<li>Ciencias Sociales y su Did\u00e1ctica I<\/li>\n<li>Lengua y Su Did\u00e1ctica<\/li>\n<li>Sujeto de la Educaci\u00f3n Primaria<\/li>\n<\/ul>\n<p>Tercer A\u00f1o<\/p>\n<ul>\n<li>Tecnolog\u00eda de la Informaci\u00f3n y la Comunicaci\u00f3n<\/li>\n<li>Historia Social de la Educaci\u00f3n y Pol\u00edtica Educativa Argentina<\/li>\n<li>Trayecto de Pr\u00e1ctica: Taller de Pr\u00e1ctica III<\/li>\n<li>Matem\u00e1tica y su Did\u00e1ctica II<\/li>\n<li>Ciencias Naturales y su Did\u00e1ctica II<\/li>\n<li>Ciencias Sociales y su Did\u00e1ctica II<\/li>\n<li>Literatura y su Did\u00e1ctica<\/li>\n<li>Alfabetizaci\u00f3n Inicial<\/li>\n<li>\u00c1rea Est\u00e9tico Expresiva II<\/li>\n<li>Problem\u00e1ticas Contempor\u00e1neas de la Educaci\u00f3n Primaria II<\/li>\n<li>Espacio de Definici\u00f3n Institucional I<\/li>\n<li>Espacio de Definici\u00f3n Institucional II<\/li>\n<\/ul>\n<p>Cuarto A\u00f1o<\/p>\n<ul>\n<li>\u00c9tica, Trabajo Docente-Dchos Humanos y Ciudadan\u00eda<\/li>\n<li>Trayecto de Pr\u00e1ctica: Taller de Pr\u00e1ctica IV<\/li>\n<li>Ateneo<\/li>\n<li style=\"text-align: left;\">Sexualidad Humana y Educaci\u00f3n<br>\n<h6><a href=\"https:\/\/isp10-sfe.infd.edu.ar\/sitio\/correlatividades-del-profesorado-de-primaria\/\" target=\"_blank\" rel=\"noopener\">&nbsp; &nbsp; &nbsp; &nbsp; &nbsp; &nbsp; &nbsp; &nbsp; &nbsp; &nbsp; &nbsp; &nbsp; &nbsp; &nbsp; &nbsp; &nbsp; &nbsp; &nbsp; &nbsp; &nbsp; &nbsp; &nbsp; &nbsp; &nbsp; &nbsp; &nbsp; &nbsp; &nbsp; &nbsp; &nbsp; &nbsp; &nbsp; &nbsp; &nbsp; &nbsp; &nbsp; &nbsp; &nbsp; &nbsp; &nbsp; &nbsp; &nbsp; &nbsp; &nbsp; &nbsp; &nbsp; &nbsp; &nbsp; &nbsp; &nbsp; &nbsp; &nbsp; &nbsp; &nbsp; &nbsp; &nbsp; &nbsp; &nbsp; &nbsp; &nbsp; &nbsp; &nbsp; &nbsp; &nbsp; &nbsp; &nbsp; &nbsp; &nbsp; &nbsp; &nbsp; &nbsp; &nbsp; &nbsp; &nbsp; &nbsp;Las correlatividades del Profesorado de Primaria&nbsp;<\/a><\/h6>\n<p><\/p>\n<hr><\/li>\n<\/ul>\n<h4><span style=\"color: #000080;\"><strong>Sede Central<\/strong><\/span><\/h4>\n<p style=\"padding-left: 30px;\"><span style=\"color: #000080;\"><strong>Sede HELVECIA<\/strong><\/span><\/p>\n<h4>Para solicitar informaci\u00f3n<\/h4>\n<table width=\"439\">\n<tbody>\n<tr>\n<td style=\"text-align: center;\" width=\"178\">Horarios de atenci\u00f3n<\/td>\n<td width=\"261\">&nbsp;15h a 20h.<\/td>\n<\/tr>\n<tr>\n<td><a href=\"https:\/\/www.google.com\/maps\/place\/Isp+10+Mateo+Booz\/@-31.0986713,-60.0864741,17z\/data=!3m1!4b1!4m5!3m4!1s0x95b4bdbcaf19e629:0x301a9a0b146ece55!8m2!3d-31.0986713!4d-60.0842854\" target=\"_blank\" rel=\"noopener\"><img decoding=\"async\" loading=\"lazy\" class=\"wp-image-2063 aligncenter\" src=\"https:\/\/isp10-sfe.infd.edu.ar\/sitio\/wp-content\/uploads\/2020\/09\/geolocalizacion.jpg\" alt=\"\" width=\"79\" height=\"44\"><\/a><\/td>\n<td>Presidente Ra\u00fal Alfons\u00edn N\u00ba 1080<\/td>\n<\/tr>\n<tr>\n<td><img decoding=\"async\" loading=\"lazy\" class=\"wp-image-2062 aligncenter\" src=\"https:\/\/isp10-sfe.infd.edu.ar\/sitio\/wp-content\/uploads\/2020\/09\/telefono.png\" alt=\"\" width=\"52\" height=\"52\"><\/td>\n<td>03405-470611<\/td>\n<\/tr>\n<tr>\n<td><img decoding=\"async\" loading=\"lazy\" class=\"wp-image-2060 aligncenter\" src=\"https:\/\/isp10-sfe.infd.edu.ar\/sitio\/wp-content\/uploads\/2020\/09\/correo.jpg\" alt=\"\" width=\"67\" height=\"59\"><\/td>\n<td><a href=\"mailto:mateobooz@yahoo.com.ar\">mateobooz@yahoo.com.ar<\/a><\/td>\n<\/tr>\n<\/tbody>\n<\/table>","protected":false},"excerpt":{"rendered":"<p>PROFESORADO DE EDUCACI\u00d3N PRIMARIA Duraci\u00f3n: 4 A\u00f1os. PLAN: 528\/09 Los objetivos de el Profesorado de Educaci\u00f3n Primaria hacen referencia a las intenciones con que se proyectan diversas acciones para la formaci\u00f3n de los estudiantes.Hablar de prop\u00f3sitos implica superar el enfoque \u201cobjetivista\u201d, pero tambi\u00e9n especificar las intenciones asumidas y socializadas. &nbsp;Es de esta intencionalidad de la &#8230; <a title=\"PROFESORADO DE PRIMARIA\" class=\"read-more\" href=\"https:\/\/isp10-sfe.infd.edu.ar\/sitio\/profesorado-de-primaria\/\" aria-label=\"More on PROFESORADO DE PRIMARIA\">[+]<\/a><\/p>\n","protected":false},"author":193,"featured_media":3182,"parent":0,"menu_order":0,"comment_status":"closed","ping_status":"open","template":"","meta":[],"acf":[],"_links":{"self":[{"href":"https:\/\/isp10-sfe.infd.edu.ar\/sitio\/wp-json\/wp\/v2\/pages\/1639"}],"collection":[{"href":"https:\/\/isp10-sfe.infd.edu.ar\/sitio\/wp-json\/wp\/v2\/pages"}],"about":[{"href":"https:\/\/isp10-sfe.infd.edu.ar\/sitio\/wp-json\/wp\/v2\/types\/page"}],"author":[{"embeddable":true,"href":"https:\/\/isp10-sfe.infd.edu.ar\/sitio\/wp-json\/wp\/v2\/users\/193"}],"replies":[{"embeddable":true,"href":"https:\/\/isp10-sfe.infd.edu.ar\/sitio\/wp-json\/wp\/v2\/comments?post=1639"}],"version-history":[{"count":55,"href":"https:\/\/isp10-sfe.infd.edu.ar\/sitio\/wp-json\/wp\/v2\/pages\/1639\/revisions"}],"predecessor-version":[{"id":4404,"href":"https:\/\/isp10-sfe.infd.edu.ar\/sitio\/wp-json\/wp\/v2\/pages\/1639\/revisions\/4404"}],"wp:featuredmedia":[{"embeddable":true,"href":"https:\/\/isp10-sfe.infd.edu.ar\/sitio\/wp-json\/wp\/v2\/media\/3182"}],"wp:attachment":[{"href":"https:\/\/isp10-sfe.infd.edu.ar\/sitio\/wp-json\/wp\/v2\/media?parent=1639"}],"curies":[{"name":"wp","href":"https:\/\/api.w.org\/{rel}","templated":true}]}}