{"id":1648,"date":"2019-06-04T23:27:42","date_gmt":"2019-06-05T02:27:42","guid":{"rendered":"https:\/\/isp10-sfe.infd.edu.ar\/sitio\/?page_id=1648"},"modified":"2026-03-06T21:51:59","modified_gmt":"2026-03-07T00:51:59","slug":"agro","status":"publish","type":"page","link":"https:\/\/isp10-sfe.infd.edu.ar\/sitio\/agro\/","title":{"rendered":"AGRONEGOCIOS"},"content":{"rendered":"\n<!-- Facebook Pixel Code -->\n<script>\n  !function(f,b,e,v,n,t,s)\n  {if(f.fbq)return;n=f.fbq=function(){n.callMethod?\n  n.callMethod.apply(n,arguments):n.queue.push(arguments)};\n  if(!f._fbq)f._fbq=n;n.push=n;n.loaded=!0;n.version='2.0';\n  n.queue=[];t=b.createElement(e);t.async=!0;\n  t.src=v;s=b.getElementsByTagName(e)[0];\n  s.parentNode.insertBefore(t,s)}(window, document,'script',\n  'https:\/\/connect.facebook.net\/en_US\/fbevents.js');\n  fbq('init', '236781151930206');\n  fbq('track', 'PageView');\n<\/script>\n<noscript><img decoding=\"async\" loading=\"lazy\" height=\"1\" width=\"1\" style=\"display:none\" src=\"https:\/\/www.facebook.com\/tr?id=236781151930206&amp;ev=PageView&amp;noscript=1\"><\/noscript>\n<!-- End Facebook Pixel Code -->\n\n\n\n<!--Start of Tawk.to Script-->\n<script type=\"text\/javascript\">\nvar Tawk_API=Tawk_API||{}, Tawk_LoadStart=new Date();\n(function(){\nvar s1=document.createElement(\"script\"),s0=document.getElementsByTagName(\"script\")[0];\ns1.async=true;\ns1.src='https:\/\/embed.tawk.to\/61c3327980b2296cfdd2ed60\/1fnh7qb4c';\ns1.charset='UTF-8';\ns1.setAttribute('crossorigin','*');\ns0.parentNode.insertBefore(s1,s0);\n})();\n<\/script>\n<!--End of Tawk.to Script-->\n\n\n\n<figure class=\"wp-block-embed is-type-video is-provider-youtube wp-block-embed-youtube wp-embed-aspect-9-16 wp-has-aspect-ratio\"><div class=\"wp-block-embed__wrapper\">\n<iframe loading=\"lazy\" title=\"ISP 10 TECNICATURA SUPERIOR EN AGRONEGOCIOS\" width=\"563\" height=\"1000\" src=\"https:\/\/www.youtube.com\/embed\/4xnQLM-kgVU?feature=oembed\" frameborder=\"0\" allow=\"accelerometer; autoplay; clipboard-write; encrypted-media; gyroscope; picture-in-picture; web-share\" referrerpolicy=\"strict-origin-when-cross-origin\" allowfullscreen><\/iframe>\n<\/div><figcaption class=\"wp-element-caption\">Video institucional de la carrera<\/figcaption><\/figure>\n\n\n\n<p><strong style=\"color: #000080; font-size: revert;\">TECNICATURA SUPERIOR EN AGRONEGOCIOS<\/strong><\/p>\n\n\n\n<div class=\"_2cuy _3dgx _2vxa\">\n<p>La carrera de<strong><span style=\"color: #008000;\"> T\u00e9cnico Superior en Agronegocios<\/span><\/strong>, est\u00e1 bajo el Mapa de carreras estrat\u00e9gicas del Progresar<\/p>\n<p><span class=\"_4yxo\">Duraci\u00f3n:<\/span> 3 a\u00f1os<\/p>\n<\/div>\n\n\n\n<div class=\"_2cuy _3dgx _2vxa\"><span class=\"_4yxo\">Plan: 352\/05<\/span><\/div>\n\n\n\n<div class=\"_2cuy _3dgx _2vxa\"><span class=\"_4yxo\">Disposici\u00f2n<\/span>: N\u00ba 0059<\/div>\n\n\n\n<ul>\n<li><span class=\"_4yxo\">Perfil Profesional<\/span><br><span class=\"_4yxp\">\u2192Identificar oportunidades comercialmente viables, mediante un an\u00e1lisis sistem\u00e1tico.<br>\u2192Analizar patrones estructurales y funcionales de los mercados, para generar estrategias acordes a la tendencia, que contribuyan al agregado de valor a los productos regionales.<br>\u2192Trabajar en equipos interdisciplinarios, con agr\u00f3nomos, contadores y comerciales e interactuar con instituciones privadas y p\u00fablicas, para resolver la log\u00edstica involucrada a la promoci\u00f3n y colocaci\u00f3n de los productos.<br>\u2192Conducir procesos de comercializaci\u00f3n de agroalimentos regionales, nacionales e internacionales.<br>\u2192Asesorar sobre aplicaciones de calidad, higiene e inocuidad en los procesos de producci\u00f3n.<br>\u2192Asesorar sobre prevenci\u00f3n de riesgos sobre la producci\u00f3n, mediante el Seguro Agr\u00edcola.<br>\u2192Ser comprensivo y solidario frente a otras personas que no conozcan las metodolog\u00edas o t\u00e9cnicas que domina.<br>\u2192Tener un desempe\u00f1o \u00e9tico en las relaciones y negocios vinculados con su actividad.<br>\u2192Dirigir y representar en forma efectiva los intereses del sector, dentro del marco legal vigente.<br>\u2192Promover el cuidado del Medio Ambiente.<br>\u2192Concientizar sobre la validez y aptitud del Cooperativismo como forma asociativa \u00f3ptima.<\/span><\/li>\n\n\n\n<li><span class=\"_4yxo\">Incumbencias Profesionales<\/span><br><span class=\"_4yxp\">\u2192Liderar o participar en equipos de trabajo del sector agroalimentario, dedicados al desarrollo y la b\u00fasqueda de oportunidades.<br>\u2192Asesorar a entidades intermedias, asociaciones de productores y entidades del sector, para organizar, planificar, dirigir y controlar proyectos sobre emprendimientos relacionados a los agronegocios.<br><span style=\"color: #008000;\"><strong><em>Por sus conocimientos, el T\u00e9cnico Superior en Agronegocios, estar\u00e1 preparado para interactuar en forma efectiva con profesionales de las especialidades: Contador P\u00fablico, Ingeniero Agr\u00f3nomo y Licenciado en Marketing. Participar\u00e1 y colaborar\u00e1 en las actividades que emanen de los programas y proyectos que se dise\u00f1en.<\/em><\/strong><\/span><\/span><\/li>\n<\/ul>\n\n\n\n<div class=\"_2cuy _3dgx _2vxa\"><span class=\"_4yxo\" style=\"color: #000080;\">Plan de estudio de la carrera<\/span><br><span class=\"_4yxo\">Primer A\u00f1o<\/span><\/div>\n\n\n\n<ul>\n<li>An\u00e1lisis Matem\u00e1tico<\/li>\n\n\n\n<li>Administraci\u00f3n General<\/li>\n\n\n\n<li>Ingl\u00e9s<\/li>\n\n\n\n<li>Producci\u00f3n Agropecuaria I<\/li>\n\n\n\n<li>Legislaci\u00f3n y Pol\u00edtica Agropecuaria<\/li>\n\n\n\n<li>Filosof\u00eda<\/li>\n\n\n\n<li>Sociolog\u00eda<\/li>\n<\/ul>\n\n\n\n<div class=\"_2cuy _3dgx _2vxa\">Total de horas c\u00e1tedras 29H<\/div>\n\n\n\n<div class=\"_2cuy _3dgx _2vxa\"><span class=\"_4yxo\">Segundo A\u00f1o<\/span><\/div>\n\n\n\n<ul>\n<li>Probabilidad y Estad\u00edstica<\/li>\n\n\n\n<li>Portugu\u00e9s<\/li>\n\n\n\n<li>Introducci\u00f3n al Marketing<\/li>\n\n\n\n<li>Producci\u00f3n Agropecuaria II<\/li>\n\n\n\n<li>Econom\u00eda Agropecuaria I<\/li>\n\n\n\n<li>Comercializaci\u00f3n Agropecuaria I<\/li>\n<\/ul>\n\n\n\n<div class=\"_2cuy _3dgx _2vxa\">Total de horas c\u00e1tedras 30H<\/div>\n\n\n\n<div class=\"_2cuy _3dgx _2vxa\"><span class=\"_4yxo\">Tercer A\u00f1o<\/span><\/div>\n\n\n\n<ul>\n<li>Cooperativismo<\/li>\n\n\n\n<li>Econom\u00eda Agropecuaria II<\/li>\n\n\n\n<li>Direcci\u00f3n de Empresas Agropecuarias<\/li>\n\n\n\n<li>Comercializaci\u00f3n Agropecuaria II<\/li>\n\n\n\n<li>Etica Profesional<\/li>\n\n\n\n<li>Pr\u00e1ctica Profesional<\/li>\n<\/ul>\n\n\n\n<div class=\"_2cuy _3dgx _2vxa\">\n<p>Total de horas c\u00e1tedras 29H<\/p>\n<p style=\"text-align: right;\"><a href=\"https:\/\/isp10-sfe.infd.edu.ar\/sitio\/correlatividades-de-t-s-agronegocios\/\" target=\"_blank\" rel=\"noopener\">Las correlatividades de la carrera Tecnicatura Superior en Agronegocios&nbsp;<\/a><\/p>\n<\/div>\n\n\n\n<div><hr><\/div>\n\n\n\n<p class=\"has-text-color has-medium-font-size\" style=\"color:#1f3cbf\"><strong>Sede HELVECIA<\/strong><\/p>\n\n\n\n<h4 class=\"wp-block-heading has-text-color\" style=\"color:#1f41bf\"><strong>Sede Central<\/strong><\/h4>\n\n\n\n<h4 class=\"wp-block-heading\">Para solicitar informaci\u00f3n&nbsp;<\/h4>\n\n\n\n<div class=\"wp-block-group is-content-justification-center is-nowrap is-layout-flex wp-container-1\">\n<figure class=\"wp-block-table\"><table><tbody><tr><td class=\"has-text-align-center\" data-align=\"center\"><strong><a rel=\"noreferrer noopener\" href=\"https:\/\/www.google.com\/maps\/place\/Isp+10+Mateo+Booz\/@-31.0986713,-60.0864741,17z\/data=!3m1!4b1!4m5!3m4!1s0x95b4bdbcaf19e629:0x301a9a0b146ece55!8m2!3d-31.0986713!4d-60.0842854\" target=\"_blank\"><img decoding=\"async\" loading=\"lazy\" width=\"75\" height=\"43\" src=\"https:\/\/isp10-sfe.infd.edu.ar\/sitio\/wp-content\/uploads\/2020\/09\/geolocalizacion.jpg\" alt=\"\"><\/a><a rel=\"noreferrer noopener\" href=\"https:\/\/www.google.com\/maps\/place\/Isp+10+Mateo+Booz\/@-31.0986713,-60.0864741,17z\/data=!3m1!4b1!4m5!3m4!1s0x95b4bdbcaf19e629:0x301a9a0b146ece55!8m2!3d-31.0986713!4d-60.0842854\" target=\"_blank\"><\/a><\/strong><\/td><td><a href=\"https:\/\/www.google.com\/maps\/place\/Isp+10+Mateo+Booz\/@-31.0986713,-60.0864741,17z\/data=!3m1!4b1!4m5!3m4!1s0x95b4bdbcaf19e629:0x301a9a0b146ece55!8m2!3d-31.0986713!4d-60.0842854\" target=\"_blank\" rel=\"noreferrer noopener\">Presidente Ra\u00fal Alfons\u00edn N\u00ba 1080<\/a><\/td><\/tr><tr><td class=\"has-text-align-center\" data-align=\"center\"><a href=\"https:\/\/api.whatsapp.com\/send?phone=549342 6391455&amp;text=&amp;source=&amp;data\"><img decoding=\"async\" loading=\"lazy\" width=\"68\" height=\"47\" src=\"https:\/\/isp10-sfe.infd.edu.ar\/sitio\/wp-content\/uploads\/2020\/09\/whapp.jpg\" alt=\"\"><\/a><a href=\"https:\/\/api.whatsapp.com\/send?phone=549342 6391455&amp;text=&amp;source=&amp;data\"><\/a><\/td><td><a href=\"https:\/\/cutt.ly\/o1GreDY\">342 6391455<\/a><\/td><\/tr><tr><td class=\"has-text-align-center\" data-align=\"center\"><img decoding=\"async\" loading=\"lazy\" src=\"https:\/\/isp10-sfe.infd.edu.ar\/sitio\/wp-content\/uploads\/2020\/09\/correo.jpg\" alt=\"\" width=\"58\" height=\"51\"><\/td><td><a href=\"mailto:isp10agronegocios@gmail.com\">isp10agronegocios@gmail.com<\/a><\/td><\/tr><\/tbody><\/table><\/figure>\n<\/div>\n\n\n\n<div class=\"wp-block-group has-medium-font-size is-layout-constrained\"><div class=\"wp-block-group__inner-container\">\n<div class=\"wp-block-columns is-layout-flex wp-container-11\">\n<div class=\"wp-block-column is-layout-flow\">\n<div class=\"wp-block-group is-layout-constrained\"><div class=\"wp-block-group__inner-container\">\n<div class=\"wp-block-columns is-layout-flex wp-container-8\">\n<div class=\"wp-block-column is-layout-flow\">\n<figure class=\"wp-block-gallery has-nested-images columns-default is-cropped wp-block-gallery-2 is-layout-flex\">\n<figure class=\"wp-block-image size-large\"><img decoding=\"async\" loading=\"lazy\" width=\"594\" height=\"584\" src=\"https:\/\/isp10-sfe.infd.edu.ar\/sitio\/wp-content\/uploads\/2019\/09\/Isp-10-agronegociosv2.jpg\" alt=\"\" class=\"wp-image-1788\"\/><\/figure>\n<\/figure>\n<\/div>\n\n\n\n<div class=\"wp-block-column is-layout-flow\">\n<figure class=\"wp-block-gallery has-nested-images columns-default is-cropped wp-block-gallery-5 is-layout-flex\">\n<figure class=\"wp-block-image size-large\"><img decoding=\"async\" loading=\"lazy\" width=\"800\" height=\"800\" src=\"https:\/\/isp10-sfe.infd.edu.ar\/sitio\/wp-content\/uploads\/2019\/01\/Tu-tiempo-es-ahora-INSCRIBIRTE-en-Agronegocios-3.png\" alt=\"isp 10\" class=\"wp-image-1516\" srcset=\"https:\/\/isp10-sfe.infd.edu.ar\/sitio\/wp-content\/uploads\/2019\/01\/Tu-tiempo-es-ahora-INSCRIBIRTE-en-Agronegocios-3.png 800w, https:\/\/isp10-sfe.infd.edu.ar\/sitio\/wp-content\/uploads\/2019\/01\/Tu-tiempo-es-ahora-INSCRIBIRTE-en-Agronegocios-3-500x500.png 500w, https:\/\/isp10-sfe.infd.edu.ar\/sitio\/wp-content\/uploads\/2019\/01\/Tu-tiempo-es-ahora-INSCRIBIRTE-en-Agronegocios-3-768x768.png 768w\" sizes=\"(max-width: 800px) 100vw, 800px\" \/><\/figure>\n<\/figure>\n<\/div>\n<\/div>\n<\/div><\/div>\n<\/div>\n<\/div>\n<\/div><\/div>\n\n\n\n<h4 class=\"wp-block-heading\">&nbsp;<\/h4>\n","protected":false},"excerpt":{"rendered":"<p>TECNICATURA SUPERIOR EN AGRONEGOCIOS La carrera de T\u00e9cnico Superior en Agronegocios, est\u00e1 bajo el Mapa de carreras estrat\u00e9gicas del Progresar Duraci\u00f3n: 3 a\u00f1os Plan: 352\/05 Disposici\u00f2n: N\u00ba 0059 Plan de estudio de la carreraPrimer A\u00f1o Total de horas c\u00e1tedras 29H Segundo A\u00f1o Total de horas c\u00e1tedras 30H Tercer A\u00f1o Total de horas c\u00e1tedras 29H Las &#8230; <a title=\"AGRONEGOCIOS\" class=\"read-more\" href=\"https:\/\/isp10-sfe.infd.edu.ar\/sitio\/agro\/\" aria-label=\"More on AGRONEGOCIOS\">[+]<\/a><\/p>\n","protected":false},"author":193,"featured_media":3335,"parent":0,"menu_order":0,"comment_status":"closed","ping_status":"open","template":"","meta":[],"acf":[],"_links":{"self":[{"href":"https:\/\/isp10-sfe.infd.edu.ar\/sitio\/wp-json\/wp\/v2\/pages\/1648"}],"collection":[{"href":"https:\/\/isp10-sfe.infd.edu.ar\/sitio\/wp-json\/wp\/v2\/pages"}],"about":[{"href":"https:\/\/isp10-sfe.infd.edu.ar\/sitio\/wp-json\/wp\/v2\/types\/page"}],"author":[{"embeddable":true,"href":"https:\/\/isp10-sfe.infd.edu.ar\/sitio\/wp-json\/wp\/v2\/users\/193"}],"replies":[{"embeddable":true,"href":"https:\/\/isp10-sfe.infd.edu.ar\/sitio\/wp-json\/wp\/v2\/comments?post=1648"}],"version-history":[{"count":185,"href":"https:\/\/isp10-sfe.infd.edu.ar\/sitio\/wp-json\/wp\/v2\/pages\/1648\/revisions"}],"predecessor-version":[{"id":4688,"href":"https:\/\/isp10-sfe.infd.edu.ar\/sitio\/wp-json\/wp\/v2\/pages\/1648\/revisions\/4688"}],"wp:featuredmedia":[{"embeddable":true,"href":"https:\/\/isp10-sfe.infd.edu.ar\/sitio\/wp-json\/wp\/v2\/media\/3335"}],"wp:attachment":[{"href":"https:\/\/isp10-sfe.infd.edu.ar\/sitio\/wp-json\/wp\/v2\/media?parent=1648"}],"curies":[{"name":"wp","href":"https:\/\/api.w.org\/{rel}","templated":true}]}}