{"id":3871,"date":"2024-02-08T16:53:19","date_gmt":"2024-02-08T19:53:19","guid":{"rendered":"https:\/\/isp10-sfe.infd.edu.ar\/sitio\/?page_id=3871"},"modified":"2025-10-15T19:12:42","modified_gmt":"2025-10-15T22:12:42","slug":"portal-de-educacion-para-el-docente","status":"publish","type":"page","link":"https:\/\/isp10-sfe.infd.edu.ar\/sitio\/portal-de-educacion-para-el-docente\/","title":{"rendered":"Portal de educaci\u00f3n para el docente"},"content":{"rendered":"\n<p class=\"has-base-3-color has-midnight-gradient-background has-text-color has-background has-large-font-size\">Portal de educaci\u00f3n para el docente<\/p>\n\n\n\n<pre class=\"wp-block-preformatted has-luminous-vivid-amber-to-luminous-vivid-orange-gradient-background has-background\"><strong>Planilla de carga de notas de fin de curso lectivo<\/strong> haz <a href=\"https:\/\/drive.proton.me\/urls\/DJXZGW4Q5M#RLublf6DuLyr\" data-type=\"URL\" data-id=\"https:\/\/drive.proton.me\/urls\/DJXZGW4Q5M#RLublf6DuLyr\">c<\/a><a href=\"https:\/\/drive.proton.me\/urls\/DJXZGW4Q5M#RLublf6DuLyr\" data-type=\"URL\" data-id=\"https:\/\/drive.proton.me\/urls\/DJXZGW4Q5M#RLublf6DuLyr\" target=\"_blank\" rel=\"noreferrer noopener\">l<\/a><a rel=\"noreferrer noopener\" href=\"https:\/\/drive.proton.me\/urls\/DJXZGW4Q5M#RLublf6DuLyr\" data-type=\"URL\" data-id=\"https:\/\/drive.proton.me\/urls\/DJXZGW4Q5M#RLublf6DuLyr\" target=\"_blank\">ick ac\u00e1<\/a><\/pre>\n\n\n\n<p class=\"has-background\" style=\"background:linear-gradient(64deg,rgba(252,185,0,1) 0%,rgba(255,105,0,1) 100%)\"><strong>Portal de Gesti\u00f3n Educativa<\/strong> haz<a rel=\"noreferrer noopener\" href=\"https:\/\/www.santafe.gov.ar\/gestioneducativa\/\" data-type=\"URL\" target=\"_blank\"> clik ac\u00e1<\/a><\/p>\n\n\n\n<p class=\"has-luminous-vivid-amber-to-luminous-vivid-orange-gradient-background has-background\"><strong>Personal escolar<\/strong>: Solicitud de licencia por enfermedad, familiar enfermo o maternidad, haz <a rel=\"noreferrer noopener\" href=\"http:\/\/www.santafe.gov.ar\/index.php\/tramites\/modul1\/index?m=descripcion&amp;id=99007\" data-type=\"URL\" data-id=\"http:\/\/www.santafe.gov.ar\/index.php\/tramites\/modul1\/index?m=descripcion&amp;id=99007\" target=\"_blank\">click ac\u00e1<\/a> <\/p>\n\n\n\n<p class=\"has-luminous-vivid-amber-to-luminous-vivid-orange-gradient-background has-background\"><strong>Reglamento Ac\u00e1demico Marco<\/strong> ( decreto N\u00ba 4199), haz <a href=\"https:\/\/drive.proton.me\/urls\/3MDW9GERB8#GIvQOJ3glGm3\" data-type=\"URL\" target=\"_blank\" rel=\"noreferrer noopener\">click ac\u00e1<\/a>  <\/p>\n\n\n\n<p class=\"has-luminous-vivid-amber-to-luminous-vivid-orange-gradient-background has-background\"><strong>Calendario Escolar<\/strong> ciclo 2025, haz<a rel=\"noreferrer noopener\" href=\"https:\/\/www.santafe.gov.ar\/index.php\/educacion\/guia\/calendario\" data-type=\"URL\" data-id=\"https:\/\/www.santafe.gov.ar\/index.php\/educacion\/guia\/calendario\" target=\"_blank\"> <\/a><a href=\"https:\/\/educacion.santafe.gob.ar\/wp-content\/uploads\/sites\/2\/2025\/01\/Calendario-escolar-2025_VF.pdf\" data-type=\"URL\" target=\"_blank\" rel=\"noreferrer noopener\">clik ac\u00e1<\/a> <\/p>\n\n\n\n<p class=\"has-luminous-vivid-amber-to-luminous-vivid-orange-gradient-background has-background\"><strong>ESI<\/strong> Ley 26.150, haz<a rel=\"noreferrer noopener\" href=\"https:\/\/www.santafe.gov.ar\/index.php\/educacion\/guia\/calendario\" data-type=\"URL\" data-id=\"https:\/\/www.santafe.gov.ar\/index.php\/educacion\/guia\/calendario\" target=\"_blank\"> <\/a><a rel=\"noreferrer noopener\" href=\"https:\/\/servicios.infoleg.gob.ar\/infolegInternet\/anexos\/120000-124999\/121222\/norma.htm\" data-type=\"URL\" target=\"_blank\">click ac\u00e1<\/a>  <\/p>\n\n\n\n<p class=\"has-luminous-vivid-amber-to-luminous-vivid-orange-gradient-background has-background\"><strong>ROIS<\/strong> (Reglamento Org\u00e1nico de Institutos Superiores)&nbsp;<a href=\"https:\/\/drive.proton.me\/urls\/NBHM74ZY44#7Y7TJpjxrmWv\">Decreto 798\/86<\/a> <\/p>\n\n\n\n<p class=\"has-luminous-vivid-amber-to-luminous-vivid-orange-gradient-background has-background\"><strong>Formulario de Salida escolares<\/strong>;  haz<a rel=\"noreferrer noopener\" href=\"https:\/\/www.santafe.gov.ar\/index.php\/educacion\/guia\/calendario\" data-type=\"URL\" data-id=\"https:\/\/www.santafe.gov.ar\/index.php\/educacion\/guia\/calendario\" target=\"_blank\"> <\/a><a rel=\"noreferrer noopener\" href=\"https:\/\/drive.proton.me\/urls\/S8QVHJPQ2M#Y9nfc9kN9wnd\" data-type=\"URL\" target=\"_blank\">click ac\u00e1<\/a><\/p>\n\n\n\n<p class=\"has-luminous-vivid-amber-to-luminous-vivid-orange-gradient-background has-background\"><strong>Reglamento de pr\u00e1ctica<\/strong>, haz<a rel=\"noreferrer noopener\" href=\"https:\/\/www.santafe.gov.ar\/index.php\/educacion\/guia\/calendario\" data-type=\"URL\" data-id=\"https:\/\/www.santafe.gov.ar\/index.php\/educacion\/guia\/calendario\" target=\"_blank\"> <\/a><a rel=\"noreferrer noopener\" href=\"https:\/\/drive.proton.me\/urls\/3GYTCFRJB8#3UFEDBsbPGFC\" data-type=\"URL\" target=\"_blank\">click ac\u00e1<\/a>  <\/p>\n\n\n\n<p class=\"has-background\" style=\"background:linear-gradient(151deg,rgba(252,185,0,1) 0%,rgba(255,105,0,1) 100%)\"><strong>LA on line<\/strong>, haz<a rel=\"noreferrer noopener\" href=\"https:\/\/www.santafe.gov.ar\/index.php\/educacion\/guia\/calendario\" target=\"_blank\"> <\/a><a href=\"https:\/\/www.santafe.gov.ar\/index.php\/content\/download\/169865\/823700\/file\/LA-01\" target=\"_blank\" rel=\"noreferrer noopener\">click ac\u00e1<\/a><\/p>\n\n\n\n<p class=\"has-luminous-vivid-amber-to-luminous-vivid-orange-gradient-background has-background has-medium-font-size\"><sub><strong>Coligar\u00eda docente, Decreto n\u00ba 4597\/83, ha<\/strong><\/sub><strong><sub>z<a rel=\"noreferrer noopener\" href=\"https:\/\/www.santafe.gov.ar\/index.php\/educacion\/guia\/calendario\" target=\"_blank\"> <\/a><a rel=\"noreferrer noopener\" href=\"https:\/\/drive.proton.me\/urls\/TJDFN3NGBC#YbMWHYbgB1C3\" target=\"_blank\">click ac\u00e1<\/a><\/sub><\/strong><\/p>\n\n\n\n<p class=\"has-background has-medium-font-size\" style=\"background:linear-gradient(135deg,rgb(252,185,0) 63%,rgb(255,105,0) 100%)\"><strong>Reglamento de pr\u00e1cticas profesionalizantes,<\/strong> haz<a rel=\"noreferrer noopener\" href=\"https:\/\/www.santafe.gov.ar\/index.php\/educacion\/guia\/calendario\" data-type=\"URL\" data-id=\"https:\/\/www.santafe.gov.ar\/index.php\/educacion\/guia\/calendario\" target=\"_blank\"> <\/a><a rel=\"noreferrer noopener\" href=\"https:\/\/drive.proton.me\/urls\/9B30KMQAH0#hyxIhsQwSsDB\" data-type=\"URL\" target=\"_blank\">click ac\u00e1<\/a>  <\/p>\n","protected":false},"excerpt":{"rendered":"<p>Portal de educaci\u00f3n para el docente Planilla de carga de notas de fin de curso lectivo haz click ac\u00e1 Portal de Gesti\u00f3n Educativa haz clik ac\u00e1 Personal escolar: Solicitud de licencia por enfermedad, familiar enfermo o maternidad, haz click ac\u00e1 Reglamento Ac\u00e1demico Marco ( decreto N\u00ba 4199), haz click ac\u00e1 Calendario Escolar ciclo 2025, haz &#8230; <a title=\"Portal de educaci\u00f3n para el docente\" class=\"read-more\" href=\"https:\/\/isp10-sfe.infd.edu.ar\/sitio\/portal-de-educacion-para-el-docente\/\" aria-label=\"More on Portal de educaci\u00f3n para el docente\">[+]<\/a><\/p>\n","protected":false},"author":193,"featured_media":0,"parent":0,"menu_order":0,"comment_status":"closed","ping_status":"closed","template":"","meta":[],"acf":[],"_links":{"self":[{"href":"https:\/\/isp10-sfe.infd.edu.ar\/sitio\/wp-json\/wp\/v2\/pages\/3871"}],"collection":[{"href":"https:\/\/isp10-sfe.infd.edu.ar\/sitio\/wp-json\/wp\/v2\/pages"}],"about":[{"href":"https:\/\/isp10-sfe.infd.edu.ar\/sitio\/wp-json\/wp\/v2\/types\/page"}],"author":[{"embeddable":true,"href":"https:\/\/isp10-sfe.infd.edu.ar\/sitio\/wp-json\/wp\/v2\/users\/193"}],"replies":[{"embeddable":true,"href":"https:\/\/isp10-sfe.infd.edu.ar\/sitio\/wp-json\/wp\/v2\/comments?post=3871"}],"version-history":[{"count":42,"href":"https:\/\/isp10-sfe.infd.edu.ar\/sitio\/wp-json\/wp\/v2\/pages\/3871\/revisions"}],"predecessor-version":[{"id":4645,"href":"https:\/\/isp10-sfe.infd.edu.ar\/sitio\/wp-json\/wp\/v2\/pages\/3871\/revisions\/4645"}],"wp:attachment":[{"href":"https:\/\/isp10-sfe.infd.edu.ar\/sitio\/wp-json\/wp\/v2\/media?parent=3871"}],"curies":[{"name":"wp","href":"https:\/\/api.w.org\/{rel}","templated":true}]}}