{"id":3875,"date":"2024-02-08T16:58:44","date_gmt":"2024-02-08T19:58:44","guid":{"rendered":"https:\/\/isp10-sfe.infd.edu.ar\/sitio\/?page_id=3875"},"modified":"2026-04-09T21:32:38","modified_gmt":"2026-04-10T00:32:38","slug":"portal-estudiantes","status":"publish","type":"page","link":"https:\/\/isp10-sfe.infd.edu.ar\/sitio\/portal-estudiantes\/","title":{"rendered":"Portal de educaci\u00f3n para el estudiante"},"content":{"rendered":"\n<p class=\"has-base-3-color has-midnight-gradient-background has-text-color has-background has-large-font-size\">Portal de educaci\u00f3n para el estudiante<\/p>\n\n\n\n<p class=\"has-luminous-vivid-amber-to-luminous-vivid-orange-gradient-background has-background has-medium-font-size\"><strong>Solicitud de Mesas Examinadoras Especiales<\/strong><\/p>\n\n\n\n<p class=\"has-text-color has-medium-font-size\" style=\"color:#ec1212\">La fecha comprendida va desde el 13\/04\/26 al 15\/04\/26<\/p>\n\n\n\n<ol type=\"1\">\n<li class=\"has-medium-font-size\">Hacer<a rel=\"noreferrer noopener\" href=\"https:\/\/drive.proton.me\/urls\/X909X4Q3WM#i6dEkgDNMYSg\" target=\"_blank\"> click ac\u00e1<\/a> y descargar el formulario<\/li>\n\n\n\n<li class=\"has-medium-font-size\">Imprimirlo<\/li>\n\n\n\n<li class=\"has-medium-font-size\">Completarlo por el estudiante y firmarlo<\/li>\n\n\n\n<li class=\"has-medium-font-size\">Entregarlo a secretaria del Instituto, en el periodo mencionado.<\/li>\n<\/ol>\n\n\n\n<p class=\"has-background has-medium-font-size\" style=\"background:linear-gradient(135deg,rgb(252,185,0) 0%,rgb(255,105,0) 100%)\"><strong>Planilla de inscripci\u00f3n al cursado del presente ciclo acad\u00e9mico  2026<\/strong><\/p>\n\n\n\n<p>Hacer<a href=\"https:\/\/drive.proton.me\/urls\/H2YMSAH9Y8#tFqwOM0VlTGh\" target=\"_blank\" rel=\"noreferrer noopener\">&nbsp;click ac\u00e1<\/a>&nbsp;y descargar la planilla de las materias a inscribiese para presente a\u00f1o lectivo que corresponda a su carrera.<\/p>\n\n\n\n<p>Imprimirla y marca con una cruz que materia se va a inscribir para el cursado.<\/p>\n\n\n\n<p>Ac\u00e9rcala a la secretaria del Instituto.&nbsp;<em>(aclaraci\u00f3n hacer dos copias, una queda en poder del estudiante y la otra en secretaria)<\/em><\/p>\n\n\n\n<p> Fecha desde el 11\/03\/2026 al 13\/03\/2026.<\/p>\n\n\n\n<p>Horario de atenci\u00f3n de secretaria para realizar la inscripci\u00f3n de lunes a viernes.<\/p>\n\n\n\n<p>Sede Helvecia:15h a 18h<\/p>\n\n\n\n<p>Sede Santa Fe: 18h a 20h<\/p>\n\n\n\n<p>Sede Santa Rosa 14h a 17h 30<\/p>\n\n\n\n<h2 class=\"wp-block-heading has-contrast-color has-luminous-vivid-amber-to-luminous-vivid-orange-gradient-background has-text-color has-background has-medium-font-size\" style=\"text-transform:none\">Planilla de permiso de ex\u00e1menes finales<\/h2>\n\n\n\n<p>Hacer<a rel=\"noreferrer noopener\" href=\"https:\/\/drive.proton.me\/urls\/ZZZ23NCVQW#NeE1eULk7UP1\" target=\"_blank\">&nbsp;click ac\u00e1<\/a>&nbsp;y descargar la planilla de permiso de examen que corresponda a su carrera.<\/p>\n\n\n\n<p>Imprimirla y marca con una cruz que materia se va a inscribir para rendir en el presente turno de ex\u00e1menes<\/p>\n\n\n\n<p>Ac\u00e9rcala a la secretaria del Instituto. <em>(aclaraci\u00f3n hacer dos copias, una queda en poder del estudiante y la otra en secretaria)<\/em><\/p>\n\n\n\n<p>Horario de atenci\u00f3n de secretaria para realizar la inscripci\u00f3n de lunes a viernes.<\/p>\n\n\n\n<p>Sede Helvecia:15h  a 18h<\/p>\n\n\n\n<p>Sede Santa Fe: 19h a 21h<\/p>\n\n\n\n<p>Sede Santa Rosa 14h a 17h 30<\/p>\n\n\n\n<p class=\"has-luminous-vivid-amber-to-luminous-vivid-orange-gradient-background has-background has-medium-font-size\">Solicitudes de Homologaciones de Materias<\/p>\n\n\n\n<p class=\"has-contrast-color has-text-color has-medium-font-size\">La fecha comprendida va desde el 21\/04\/25 al 25\/04\/25<\/p>\n\n\n\n<ol type=\"1\">\n<li class=\"has-medium-font-size\">Hacer<a rel=\"noreferrer noopener\" href=\"https:\/\/drive.proton.me\/urls\/4GMBH99DGG#vcf6ArRIcCk4\" target=\"_blank\">&nbsp;click ac\u00e1<\/a>&nbsp;y descargar los formularios de homologaciones de materias<\/li>\n\n\n\n<li class=\"has-medium-font-size\">Imprimirlos<\/li>\n\n\n\n<li class=\"has-medium-font-size\">Completarlo por el estudiante y firmarlo<\/li>\n\n\n\n<li class=\"has-medium-font-size\">Ser\u00e1n recibidas por las \/os JEFES DE SECCI\u00d3N del Instituto, en el periodo mencionado en secretaria<\/li>\n<\/ol>\n\n\n\n<p><\/p>\n\n\n\n<p class=\"has-luminous-vivid-amber-to-luminous-vivid-orange-gradient-background has-background\"><strong>Informaci\u00f3n para realizar el tr\u00e1mite del boleto estudiantil<\/strong>, haz <a rel=\"noreferrer noopener\" href=\"https:\/\/www.santafe.gov.ar\/boletoeducativo\/informacion\" data-type=\"URL\" target=\"_blank\">click ac\u00e1<\/a> <\/p>\n\n\n\n<p class=\"has-luminous-vivid-amber-to-luminous-vivid-orange-gradient-background has-background\"><strong>Fechas de los turnos de ex\u00e1menes finales<\/strong>, haz   <a rel=\"noreferrer noopener\" href=\"https:\/\/isp10-sfe.infd.edu.ar\/sitio\/secretaria\/\" data-type=\"URL\" target=\"_blank\">click ac\u00e1<\/a> <\/p>\n\n\n\n<p class=\"has-luminous-vivid-amber-to-luminous-vivid-orange-gradient-background has-background\"><strong>Informaci\u00f3n sobre las Residencias Culturales,<\/strong> haz   <a href=\"https:\/\/www.santafe.gov.ar\/index.php\/web\/content\/download\/151618\/741803\/file\/Residencias%20Culturales%20-%20REGLAMENTO.pdf\" data-type=\"URL\" target=\"_blank\" rel=\"noreferrer noopener\">click ac\u00e1<\/a> <\/p>\n\n\n\n<p class=\"has-contrast-color has-luminous-vivid-amber-to-luminous-vivid-orange-gradient-background has-text-color has-background\"><strong>Inscripci\u00f3n a ex\u00e1menes especiales, haz<\/strong>  <a href=\"https:\/\/isp10-sfe.infd.edu.ar\/sitio\/inscripcion-a-examenes-especiales\/\" data-type=\"URL\" target=\"_blank\" rel=\"noreferrer noopener\">click ac\u00e1<\/a><\/p>\n\n\n\n<p class=\"has-luminous-vivid-amber-to-luminous-vivid-orange-gradient-background has-background\"><strong>Modalidad de cursado, haz  <\/strong> <a href=\"https:\/\/isp10-sfe.infd.edu.ar\/sitio\/modalidad-de-cursado\/\" data-type=\"URL\" target=\"_blank\" rel=\"noreferrer noopener\">click ac\u00e1<\/a><\/p>\n\n\n\n<p class=\"has-contrast-color has-text-color has-medium-font-size\">Para realizar la matriculaci\u00f3n de las materias para el cursado del presente a\u00f1o lectivo, se realizar\u00e1 por este medio.<\/p>\n\n\n\n<p class=\"has-contrast-color has-text-color has-medium-font-size\">Seleccionar la carrera y luego descargar el archivo. Completarlo y llevarlo impreso a la secretaria del Instituto.<\/p>\n\n\n\n<p class=\"has-text-color has-medium-font-size\" style=\"color:#290cb9\"><strong>SEDE HELVECIA<\/strong><\/p>\n\n\n\n<div class=\"wp-block-group alignwide is-layout-constrained\"><div class=\"wp-block-group__inner-container\">\n<div class=\"wp-block-columns alignwide has-text-color has-background is-layout-flex wp-container-5\" style=\"color:#000000;background-color:#ffffff\">\n<div class=\"wp-block-column is-vertically-aligned-center is-layout-flow\">\n<blockquote class=\"wp-block-quote\">\n<h3 class=\"wp-block-heading has-text-align-center\" style=\"font-size:24px;line-height:1.3\"><a rel=\"noreferrer noopener\" href=\"https:\/\/drive.proton.me\/urls\/0KW1X1XM1W#mq2bu7b4kkmU\" target=\"_blank\"><sub>TECNICATURA SUPERIOR EN AGRONEGOCIOS<\/sub> <\/a><\/h3>\n<\/blockquote>\n\n\n\n<p class=\"has-text-align-right\"><\/p>\n<\/div>\n\n\n\n<div class=\"wp-block-column is-vertically-aligned-center is-layout-flow\">\n<blockquote class=\"wp-block-quote\">\n<h3 class=\"wp-block-heading alignwide has-text-align-right\" style=\"font-size:24px;line-height:1.3\"><a rel=\"noreferrer noopener\" href=\"https:\/\/drive.proton.me\/urls\/QNB9EDSQX8#2wRPy4OOnGFf\" target=\"_blank\"><sub>TECNICATURA  SUPERIOR  EN  TURISMO<\/sub><\/a><\/h3>\n<\/blockquote>\n\n\n\n<p class=\"has-text-align-right\"><\/p>\n<\/div>\n\n\n\n<div class=\"wp-block-column is-vertically-aligned-center is-layout-flow\">\n<blockquote class=\"wp-block-quote\">\n<h3 class=\"wp-block-heading has-text-align-right\" style=\"font-size:24px;line-height:1.3\"><a rel=\"noreferrer noopener\" href=\"https:\/\/drive.proton.me\/urls\/J98G42PYGG#bneWHa2H9RVX\" target=\"_blank\"><sup>PROFESORADO DE EDUCACI\u00d3N PRIMARIA<\/sup><\/a><\/h3>\n<\/blockquote>\n\n\n\n<p class=\"has-text-align-right\"><\/p>\n<\/div>\n\n\n\n<div class=\"wp-block-column is-vertically-aligned-center is-layout-flow\">\n<blockquote class=\"wp-block-quote\">\n<p class=\"has-text-align-center\"><a rel=\"noreferrer noopener\" href=\"https:\/\/drive.proton.me\/urls\/PVRSEGG4FG#NJqo3109bcv7\" target=\"_blank\"><strong>PROFESORADO DE EDUCACI\u00d3N SECUNDARIA EN BIOLOG\u00cdA<\/strong><\/a><\/p>\n<\/blockquote>\n\n\n\n<p class=\"has-text-align-left\"><\/p>\n<\/div>\n<\/div>\n<\/div><\/div>\n","protected":false},"excerpt":{"rendered":"<p>Portal de educaci\u00f3n para el estudiante Solicitud de Mesas Examinadoras Especiales La fecha comprendida va desde el 13\/04\/26 al 15\/04\/26 Planilla de inscripci\u00f3n al cursado del presente ciclo acad\u00e9mico 2026 Hacer&nbsp;click ac\u00e1&nbsp;y descargar la planilla de las materias a inscribiese para presente a\u00f1o lectivo que corresponda a su carrera. Imprimirla y marca con una cruz &#8230; <a title=\"Portal de educaci\u00f3n para el estudiante\" class=\"read-more\" href=\"https:\/\/isp10-sfe.infd.edu.ar\/sitio\/portal-estudiantes\/\" aria-label=\"More on Portal de educaci\u00f3n para el estudiante\">[+]<\/a><\/p>\n","protected":false},"author":193,"featured_media":0,"parent":0,"menu_order":0,"comment_status":"closed","ping_status":"closed","template":"","meta":[],"acf":[],"_links":{"self":[{"href":"https:\/\/isp10-sfe.infd.edu.ar\/sitio\/wp-json\/wp\/v2\/pages\/3875"}],"collection":[{"href":"https:\/\/isp10-sfe.infd.edu.ar\/sitio\/wp-json\/wp\/v2\/pages"}],"about":[{"href":"https:\/\/isp10-sfe.infd.edu.ar\/sitio\/wp-json\/wp\/v2\/types\/page"}],"author":[{"embeddable":true,"href":"https:\/\/isp10-sfe.infd.edu.ar\/sitio\/wp-json\/wp\/v2\/users\/193"}],"replies":[{"embeddable":true,"href":"https:\/\/isp10-sfe.infd.edu.ar\/sitio\/wp-json\/wp\/v2\/comments?post=3875"}],"version-history":[{"count":108,"href":"https:\/\/isp10-sfe.infd.edu.ar\/sitio\/wp-json\/wp\/v2\/pages\/3875\/revisions"}],"predecessor-version":[{"id":4696,"href":"https:\/\/isp10-sfe.infd.edu.ar\/sitio\/wp-json\/wp\/v2\/pages\/3875\/revisions\/4696"}],"wp:attachment":[{"href":"https:\/\/isp10-sfe.infd.edu.ar\/sitio\/wp-json\/wp\/v2\/media?parent=3875"}],"curies":[{"name":"wp","href":"https:\/\/api.w.org\/{rel}","templated":true}]}}