{"id":3889,"date":"2024-02-08T17:23:16","date_gmt":"2024-02-08T20:23:16","guid":{"rendered":"https:\/\/isp10-sfe.infd.edu.ar\/sitio\/?page_id=3889"},"modified":"2024-02-08T17:24:44","modified_gmt":"2024-02-08T20:24:44","slug":"planetario-en-helvecia","status":"publish","type":"page","link":"https:\/\/isp10-sfe.infd.edu.ar\/sitio\/planetario-en-helvecia\/","title":{"rendered":"Planetario M\u00f3vil en Helvecia"},"content":{"rendered":"\n<p>El s\u00e1bado 28 de septiembre se llev\u00f3 a cabo el evento en el Complejo Recreativo Comunal Helvecia, organizado por el ISP 10 Mateo Booz , el Planetario M\u00f3vil.<\/p>\n\n\n\n<p>Agradecemos la participaci\u00f3n del p\u00fablico asistente y tambi\u00e9n a los organizadores ( profesores, personal no docentes y estudiantes del Instituto),por haber pasado un d\u00eda \u00fanico e irrepetible.!!!<\/p>\n\n\n<div class=\"wp-block-image\">\n<figure class=\"alignleft\"><img decoding=\"async\" loading=\"lazy\" width=\"1000\" height=\"563\" src=\"https:\/\/isp10-sfe.infd.edu.ar\/sitio\/wp-content\/uploads\/2019\/10\/plannetario-isp-10-helvecia6-1000x563.jpeg\" alt=\"\" class=\"wp-image-1805\" srcset=\"https:\/\/isp10-sfe.infd.edu.ar\/sitio\/wp-content\/uploads\/2019\/10\/plannetario-isp-10-helvecia6-1000x563.jpeg 1000w, https:\/\/isp10-sfe.infd.edu.ar\/sitio\/wp-content\/uploads\/2019\/10\/plannetario-isp-10-helvecia6-768x432.jpeg 768w, https:\/\/isp10-sfe.infd.edu.ar\/sitio\/wp-content\/uploads\/2019\/10\/plannetario-isp-10-helvecia6.jpeg 1032w\" sizes=\"(max-width: 1000px) 100vw, 1000px\" \/><\/figure><\/div>\n\n<div class=\"wp-block-image\">\n<figure class=\"alignright\"><img decoding=\"async\" loading=\"lazy\" width=\"750\" height=\"1000\" src=\"https:\/\/isp10-sfe.infd.edu.ar\/sitio\/wp-content\/uploads\/2019\/10\/planetario-isp-10-helvecia5-750x1000.jpeg\" alt=\"\" class=\"wp-image-1804\" srcset=\"https:\/\/isp10-sfe.infd.edu.ar\/sitio\/wp-content\/uploads\/2019\/10\/planetario-isp-10-helvecia5-750x1000.jpeg 750w, https:\/\/isp10-sfe.infd.edu.ar\/sitio\/wp-content\/uploads\/2019\/10\/planetario-isp-10-helvecia5-768x1024.jpeg 768w, https:\/\/isp10-sfe.infd.edu.ar\/sitio\/wp-content\/uploads\/2019\/10\/planetario-isp-10-helvecia5.jpeg 774w\" sizes=\"(max-width: 750px) 100vw, 750px\" \/><\/figure><\/div>\n\n<div class=\"wp-block-image\">\n<figure class=\"alignleft\"><img decoding=\"async\" loading=\"lazy\" width=\"1000\" height=\"712\" src=\"https:\/\/isp10-sfe.infd.edu.ar\/sitio\/wp-content\/uploads\/2019\/10\/planetario-isp-10-helvecia3-1000x712.jpeg\" alt=\"\" class=\"wp-image-1803\" srcset=\"https:\/\/isp10-sfe.infd.edu.ar\/sitio\/wp-content\/uploads\/2019\/10\/planetario-isp-10-helvecia3-1000x712.jpeg 1000w, https:\/\/isp10-sfe.infd.edu.ar\/sitio\/wp-content\/uploads\/2019\/10\/planetario-isp-10-helvecia3-768x547.jpeg 768w, https:\/\/isp10-sfe.infd.edu.ar\/sitio\/wp-content\/uploads\/2019\/10\/planetario-isp-10-helvecia3.jpeg 1280w\" sizes=\"(max-width: 1000px) 100vw, 1000px\" \/><\/figure><\/div>","protected":false},"excerpt":{"rendered":"<p>El s\u00e1bado 28 de septiembre se llev\u00f3 a cabo el evento en el Complejo Recreativo Comunal Helvecia, organizado por el ISP 10 Mateo Booz , el Planetario M\u00f3vil. Agradecemos la participaci\u00f3n del p\u00fablico asistente y tambi\u00e9n a los organizadores ( profesores, personal no docentes y estudiantes del Instituto),por haber pasado un d\u00eda \u00fanico e irrepetible.!!!<\/p>\n","protected":false},"author":193,"featured_media":0,"parent":0,"menu_order":0,"comment_status":"closed","ping_status":"closed","template":"","meta":[],"acf":[],"_links":{"self":[{"href":"https:\/\/isp10-sfe.infd.edu.ar\/sitio\/wp-json\/wp\/v2\/pages\/3889"}],"collection":[{"href":"https:\/\/isp10-sfe.infd.edu.ar\/sitio\/wp-json\/wp\/v2\/pages"}],"about":[{"href":"https:\/\/isp10-sfe.infd.edu.ar\/sitio\/wp-json\/wp\/v2\/types\/page"}],"author":[{"embeddable":true,"href":"https:\/\/isp10-sfe.infd.edu.ar\/sitio\/wp-json\/wp\/v2\/users\/193"}],"replies":[{"embeddable":true,"href":"https:\/\/isp10-sfe.infd.edu.ar\/sitio\/wp-json\/wp\/v2\/comments?post=3889"}],"version-history":[{"count":2,"href":"https:\/\/isp10-sfe.infd.edu.ar\/sitio\/wp-json\/wp\/v2\/pages\/3889\/revisions"}],"predecessor-version":[{"id":3893,"href":"https:\/\/isp10-sfe.infd.edu.ar\/sitio\/wp-json\/wp\/v2\/pages\/3889\/revisions\/3893"}],"wp:attachment":[{"href":"https:\/\/isp10-sfe.infd.edu.ar\/sitio\/wp-json\/wp\/v2\/media?parent=3889"}],"curies":[{"name":"wp","href":"https:\/\/api.w.org\/{rel}","templated":true}]}}