{"id":4085,"date":"2024-02-25T20:18:04","date_gmt":"2024-02-25T23:18:04","guid":{"rendered":"https:\/\/isp10-sfe.infd.edu.ar\/sitio\/?page_id=4085"},"modified":"2024-02-26T12:10:39","modified_gmt":"2024-02-26T15:10:39","slug":"inscripcion-a-examenes-especiales","status":"publish","type":"page","link":"https:\/\/isp10-sfe.infd.edu.ar\/sitio\/inscripcion-a-examenes-especiales\/","title":{"rendered":"Inscripci\u00f3n a ex\u00e1menes especiales"},"content":{"rendered":"\n<blockquote class=\"wp-block-quote has-accent-color has-text-color has-medium-font-size\">\n<p>El Reglamento Acad\u00e9mico Marco (Art 40 \u2013 Dcto 4199\/15) establece que todo\/a estudiante tendr\u00e1 derecho a Mesa Examinadora Especial en los siguientes casos:<\/p>\n<\/blockquote>\n\n\n\n<p>a) Cuando adeudare hasta dos unidades curriculares del \u00faltimo a\u00f1o de la carrera para finalizar sus estudios.<\/p>\n\n\n\n<p>b) Cuando, por razones de enfermedad, causa grave de \u00edndole familiar, laboral u otros motivos justificados no pudiera presentarse a rendir examen en la fecha y horario estipulado, hasta tres veces a lo largo de su carrera.<\/p>\n\n\n\n<p>c) Cuando caducaren los Planes de Estudio con los cuales curs\u00f3.<\/p>\n\n\n\n<p>d) Cuando se adeudare hasta dos unidades curriculares requeridas para cursar los Talleres de Docencia\/Pr\u00e1cticas profesionalizantes correspondientes correlativos, excepto en las carreras en las que los Talleres de Docencia IV son cuatrimestrales. Solo podr\u00e1 hacerse uso de esta opci\u00f3n para las mesas especiales del primer cuatrimestre.<\/p>\n\n\n\n<p>En caso de seleccionar el inciso b) del art\u00edculo 40\u00ba, ES OBLIGATORIO adjuntar en el formulario de inscripci\u00f3n, un \u00fanico archivo con toda la documentaci\u00f3n que avale el pedido. DE LO CONTRARIO, SE DESESTIMAR\u00c1 LA SOLICITUD. <\/p>\n","protected":false},"excerpt":{"rendered":"<p>El Reglamento Acad\u00e9mico Marco (Art 40 \u2013 Dcto 4199\/15) establece que todo\/a estudiante tendr\u00e1 derecho a Mesa Examinadora Especial en los siguientes casos: a) Cuando adeudare hasta dos unidades curriculares del \u00faltimo a\u00f1o de la carrera para finalizar sus estudios. b) Cuando, por razones de enfermedad, causa grave de \u00edndole familiar, laboral u otros motivos &#8230; <a title=\"Inscripci\u00f3n a ex\u00e1menes especiales\" class=\"read-more\" href=\"https:\/\/isp10-sfe.infd.edu.ar\/sitio\/inscripcion-a-examenes-especiales\/\" aria-label=\"More on Inscripci\u00f3n a ex\u00e1menes especiales\">[+]<\/a><\/p>\n","protected":false},"author":193,"featured_media":0,"parent":0,"menu_order":0,"comment_status":"closed","ping_status":"closed","template":"","meta":[],"acf":[],"_links":{"self":[{"href":"https:\/\/isp10-sfe.infd.edu.ar\/sitio\/wp-json\/wp\/v2\/pages\/4085"}],"collection":[{"href":"https:\/\/isp10-sfe.infd.edu.ar\/sitio\/wp-json\/wp\/v2\/pages"}],"about":[{"href":"https:\/\/isp10-sfe.infd.edu.ar\/sitio\/wp-json\/wp\/v2\/types\/page"}],"author":[{"embeddable":true,"href":"https:\/\/isp10-sfe.infd.edu.ar\/sitio\/wp-json\/wp\/v2\/users\/193"}],"replies":[{"embeddable":true,"href":"https:\/\/isp10-sfe.infd.edu.ar\/sitio\/wp-json\/wp\/v2\/comments?post=4085"}],"version-history":[{"count":2,"href":"https:\/\/isp10-sfe.infd.edu.ar\/sitio\/wp-json\/wp\/v2\/pages\/4085\/revisions"}],"predecessor-version":[{"id":4088,"href":"https:\/\/isp10-sfe.infd.edu.ar\/sitio\/wp-json\/wp\/v2\/pages\/4085\/revisions\/4088"}],"wp:attachment":[{"href":"https:\/\/isp10-sfe.infd.edu.ar\/sitio\/wp-json\/wp\/v2\/media?parent=4085"}],"curies":[{"name":"wp","href":"https:\/\/api.w.org\/{rel}","templated":true}]}}